{"id":17,"date":"2017-03-04T20:30:01","date_gmt":"2017-03-04T19:30:01","guid":{"rendered":"http:\/\/sopaty.com\/?page_id=17"},"modified":"2019-06-30T18:03:05","modified_gmt":"2019-06-30T16:03:05","slug":"actualite","status":"publish","type":"page","link":"https:\/\/sopaty.com\/index.php\/actualite\/","title":{"rendered":"Actualit\u00e9"},"content":{"rendered":"[et_pb_section fb_built=\u00a0\u00bb1&Prime; _builder_version=\u00a0\u00bb3.22.3&Prime;][et_pb_row custom_padding=\u00a0\u00bb25.25px|0px|60px|0px|false|false\u00a0\u00bb _builder_version=\u00a0\u00bb3.25&Prime;][et_pb_column type=\u00a0\u00bb4_4&Prime; _builder_version=\u00a0\u00bb3.25&Prime; custom_padding=\u00a0\u00bb|||\u00a0\u00bb custom_padding__hover=\u00a0\u00bb|||\u00a0\u00bb][et_pb_text admin_label=\u00a0\u00bbd\u00e9cembre 2018&Prime; _builder_version=\u00a0\u00bb3.25.3&Prime; border_radii=\u00a0\u00bbon|15px|15px|15px|15px\u00a0\u00bb border_width_all=\u00a0\u00bb1px\u00a0\u00bb border_color_all=\u00a0\u00bb#000000&Prime; animation_style=\u00a0\u00bbzoom\u00a0\u00bb animation_intensity_zoom=\u00a0\u00bb100%\u00a0\u00bb]\n<p><img loading=\"lazy\" src=\"https:\/\/sopaty.com\/wp-content\/uploads\/2019\/06\/affiche-SOPATY-212x300.jpeg\" width=\"359\" height=\"508\" alt=\"\" class=\"wp-image-1096 aligncenter size-medium\" srcset=\"https:\/\/sopaty.com\/wp-content\/uploads\/2019\/06\/affiche-SOPATY-212x300.jpeg 212w, https:\/\/sopaty.com\/wp-content\/uploads\/2019\/06\/affiche-SOPATY.jpeg 453w\" sizes=\"(max-width: 359px) 100vw, 359px\" \/><\/p>\n<p>&nbsp;<\/p>\n<h2 style=\"text-align: center;\">\u00ab ON THE WALL AGAIN \u00bb Moliets et Ma\u00e2 5 &#8211; 17 Juillet 2019<\/h2>\n[\/et_pb_text][et_pb_text admin_label=\u00a0\u00bbd\u00e9cembre 2018&Prime; _builder_version=\u00a0\u00bb3.19&Prime; border_radii=\u00a0\u00bbon|15px|15px|15px|15px\u00a0\u00bb border_width_all=\u00a0\u00bb1px\u00a0\u00bb border_color_all=\u00a0\u00bb#000000&Prime; animation_style=\u00a0\u00bbzoom\u00a0\u00bb animation_intensity_zoom=\u00a0\u00bb100%\u00a0\u00bb]\n<p><img loading=\"lazy\" class=\"wp-image-569 aligncenter size-medium\" style=\"display: block; margin-left: auto; margin-right: auto;\" src=\"https:\/\/sopaty.com\/wp-content\/uploads\/2018\/12\/thumbnail_Affiche-A3-expo-SOPATY-217x300.jpg\" alt=\"\" width=\"445\" height=\"616\" srcset=\"https:\/\/sopaty.com\/wp-content\/uploads\/2018\/12\/thumbnail_Affiche-A3-expo-SOPATY-217x300.jpg 217w, https:\/\/sopaty.com\/wp-content\/uploads\/2018\/12\/thumbnail_Affiche-A3-expo-SOPATY.jpg 463w\" sizes=\"(max-width: 445px) 100vw, 445px\" \/><\/p>\n<p>&nbsp;<\/p>\n<h2 style=\"text-align: center;\">\u00ab MURS MURS \u00bb Bordeaux 20-30 d\u00e9cembre<\/h2>\n[\/et_pb_text][\/et_pb_column][\/et_pb_row][et_pb_row custom_padding=\u00a0\u00bb25.25px|0px|60px|0px|false|false\u00a0\u00bb _builder_version=\u00a0\u00bb3.25&Prime;][et_pb_column type=\u00a0\u00bb4_4&Prime; _builder_version=\u00a0\u00bb3.25&Prime; custom_padding=\u00a0\u00bb|||\u00a0\u00bb custom_padding__hover=\u00a0\u00bb|||\u00a0\u00bb][et_pb_text admin_label=\u00a0\u00bbP\u00e2ques 2018, Salies de B\u00e9arn\u00a0\u00bb _builder_version=\u00a0\u00bb3.19&Prime; border_radii=\u00a0\u00bbon|15px|15px|15px|15px\u00a0\u00bb border_width_all=\u00a0\u00bb1px\u00a0\u00bb animation_style=\u00a0\u00bbzoom\u00a0\u00bb animation_intensity_zoom=\u00a0\u00bb100%\u00a0\u00bb]\n<p>&nbsp;<\/p>\n<p><img loading=\"lazy\" src=\"https:\/\/sopaty.com\/wp-content\/uploads\/2018\/03\/Art-en-vrac-2018-A3-212x300.jpg\" width=\"212\" height=\"300\" alt=\"Salies de B\u00e9arn 2018\" class=\"wp-image-553 aligncenter size-medium\" srcset=\"https:\/\/sopaty.com\/wp-content\/uploads\/2018\/03\/Art-en-vrac-2018-A3-212x300.jpg 212w, https:\/\/sopaty.com\/wp-content\/uploads\/2018\/03\/Art-en-vrac-2018-A3-768x1086.jpg 768w, https:\/\/sopaty.com\/wp-content\/uploads\/2018\/03\/Art-en-vrac-2018-A3-724x1024.jpg 724w, https:\/\/sopaty.com\/wp-content\/uploads\/2018\/03\/Art-en-vrac-2018-A3.jpg 1181w\" sizes=\"(max-width: 212px) 100vw, 212px\" \/><\/p>\n<h2 style=\"text-align: center;\">P\u00e2ques 2018, Salies de B\u00e9arn<\/h2>\n<p>&nbsp;<\/p>\n[\/et_pb_text][\/et_pb_column][\/et_pb_row][et_pb_row custom_padding=\u00a0\u00bb25.25px|9px|19px|9px|false|true\u00a0\u00bb _builder_version=\u00a0\u00bb3.25&Prime; border_radii=\u00a0\u00bbon|15px|15px|15px|15px\u00a0\u00bb border_width_all=\u00a0\u00bb1px\u00a0\u00bb column_structure=\u00a0\u00bb1_3,1_3,1_3&Prime;][et_pb_column type=\u00a0\u00bb1_3&Prime; _builder_version=\u00a0\u00bb3.25&Prime; custom_padding=\u00a0\u00bb|||\u00a0\u00bb custom_padding__hover=\u00a0\u00bb|||\u00a0\u00bb][et_pb_text _builder_version=\u00a0\u00bb3.19&Prime; animation_style=\u00a0\u00bbslide\u00a0\u00bb animation_direction=\u00a0\u00bbleft\u00a0\u00bb animation_delay=\u00a0\u00bb300ms\u00a0\u00bb animation_intensity_slide=\u00a0\u00bb100%\u00a0\u00bb]\n<p>&nbsp;<\/p>\n<p>&nbsp;<\/p>\n<p><img loading=\"lazy\" src=\"https:\/\/sopaty.com\/wp-content\/uploads\/2017\/03\/IMG_20171208_124113-300x225.jpg\" width=\"300\" height=\"225\" alt=\"\" class=\"wp-image-462 size-medium\" style=\"display: block; margin-left: auto; margin-right: auto;\" srcset=\"https:\/\/sopaty.com\/wp-content\/uploads\/2017\/03\/IMG_20171208_124113-300x225.jpg 300w, https:\/\/sopaty.com\/wp-content\/uploads\/2017\/03\/IMG_20171208_124113-768x576.jpg 768w, https:\/\/sopaty.com\/wp-content\/uploads\/2017\/03\/IMG_20171208_124113-1024x768.jpg 1024w\" sizes=\"(max-width: 300px) 100vw, 300px\" \/><\/p>\n[\/et_pb_text][\/et_pb_column][et_pb_column type=\u00a0\u00bb1_3&Prime; _builder_version=\u00a0\u00bb3.25&Prime; custom_padding=\u00a0\u00bb|||\u00a0\u00bb custom_padding__hover=\u00a0\u00bb|||\u00a0\u00bb][et_pb_text _builder_version=\u00a0\u00bb3.19&Prime; animation_style=\u00a0\u00bbzoom\u00a0\u00bb animation_intensity_zoom=\u00a0\u00bb100%\u00a0\u00bb]\n<p><img loading=\"lazy\" src=\"https:\/\/sopaty.com\/wp-content\/uploads\/2018\/02\/Voiles-du-temps-199x300.png\" width=\"259\" height=\"390\" alt=\"\" class=\"wp-image-549 aligncenter size-medium\" srcset=\"https:\/\/sopaty.com\/wp-content\/uploads\/2018\/02\/Voiles-du-temps-199x300.png 199w, https:\/\/sopaty.com\/wp-content\/uploads\/2018\/02\/Voiles-du-temps.png 206w\" sizes=\"(max-width: 259px) 100vw, 259px\" \/><\/p>\n<h2 style=\"text-align: center;\"><img loading=\"lazy\" class=\"size-medium wp-image-537\" src=\"https:\/\/sopaty.com\/wp-content\/uploads\/2018\/02\/Voiles-du-temps.tiff\" alt=\"\" width=\"1\" height=\"1\" \/><\/h2>\n<h2 style=\"text-align: center;\"><span>Galerie Les voiles du temps Pau D\u00e9cembre 2017<\/span><\/h2>\n[\/et_pb_text][\/et_pb_column][et_pb_column type=\u00a0\u00bb1_3&Prime; _builder_version=\u00a0\u00bb3.25&Prime; custom_padding=\u00a0\u00bb|||\u00a0\u00bb custom_padding__hover=\u00a0\u00bb|||\u00a0\u00bb][et_pb_text _builder_version=\u00a0\u00bb3.19&Prime; animation_style=\u00a0\u00bbslide\u00a0\u00bb animation_direction=\u00a0\u00bbright\u00a0\u00bb animation_delay=\u00a0\u00bb300ms\u00a0\u00bb animation_intensity_slide=\u00a0\u00bb100%\u00a0\u00bb]\n<p>&nbsp;<\/p>\n<p>&nbsp;<\/p>\n<p><img loading=\"lazy\" src=\"https:\/\/sopaty.com\/wp-content\/uploads\/2017\/03\/IMG_20171210_123708-300x225.jpg\" width=\"300\" height=\"225\" alt=\"\" class=\"wp-image-464 size-medium\" style=\"display: block; margin-left: auto; margin-right: auto;\" srcset=\"https:\/\/sopaty.com\/wp-content\/uploads\/2017\/03\/IMG_20171210_123708-300x225.jpg 300w, https:\/\/sopaty.com\/wp-content\/uploads\/2017\/03\/IMG_20171210_123708-768x576.jpg 768w, https:\/\/sopaty.com\/wp-content\/uploads\/2017\/03\/IMG_20171210_123708-1024x768.jpg 1024w\" sizes=\"(max-width: 300px) 100vw, 300px\" \/><\/p>\n[\/et_pb_text][\/et_pb_column][\/et_pb_row][et_pb_row custom_padding=\u00a0\u00bb25.25px|0px|13px|0px|false|false\u00a0\u00bb _builder_version=\u00a0\u00bb3.25&Prime;][et_pb_column type=\u00a0\u00bb4_4&Prime; _builder_version=\u00a0\u00bb3.25&Prime; custom_padding=\u00a0\u00bb|||\u00a0\u00bb custom_padding__hover=\u00a0\u00bb|||\u00a0\u00bb][et_pb_divider show_divider=\u00a0\u00bboff\u00a0\u00bb _builder_version=\u00a0\u00bb3.19&Prime;][\/et_pb_divider][\/et_pb_column][\/et_pb_row][et_pb_row custom_padding=\u00a0\u00bb45px|12px|60px|12px|false|true\u00a0\u00bb _builder_version=\u00a0\u00bb3.25&Prime; border_radii=\u00a0\u00bbon|15px|15px|15px|15px\u00a0\u00bb border_width_all=\u00a0\u00bb1px\u00a0\u00bb column_structure=\u00a0\u00bb1_3,1_3,1_3&Prime;][et_pb_column type=\u00a0\u00bb1_3&Prime; _builder_version=\u00a0\u00bb3.25&Prime; custom_padding=\u00a0\u00bb|||\u00a0\u00bb custom_padding__hover=\u00a0\u00bb|||\u00a0\u00bb][et_pb_text _builder_version=\u00a0\u00bb3.19&Prime; animation_style=\u00a0\u00bbslide\u00a0\u00bb animation_direction=\u00a0\u00bbleft\u00a0\u00bb animation_delay=\u00a0\u00bb300ms\u00a0\u00bb animation_intensity_slide=\u00a0\u00bb100%\u00a0\u00bb]\n<p style=\"text-align: center;\">\n<p style=\"text-align: center;\">\n<p style=\"text-align: center;\">\n<p style=\"text-align: center;\">\n<p style=\"text-align: center;\">\n<p style=\"text-align: center;\">\n<p style=\"text-align: center;\"><img loading=\"lazy\" src=\"https:\/\/sopaty.com\/wp-content\/uploads\/2017\/03\/IMG_20171126_001036-300x225.jpg\" width=\"300\" height=\"225\" alt=\"\" class=\"wp-image-463 size-medium\" srcset=\"https:\/\/sopaty.com\/wp-content\/uploads\/2017\/03\/IMG_20171126_001036-300x225.jpg 300w, https:\/\/sopaty.com\/wp-content\/uploads\/2017\/03\/IMG_20171126_001036-768x576.jpg 768w, https:\/\/sopaty.com\/wp-content\/uploads\/2017\/03\/IMG_20171126_001036-1024x768.jpg 1024w\" sizes=\"(max-width: 300px) 100vw, 300px\" \/><\/p>\n[\/et_pb_text][\/et_pb_column][et_pb_column type=\u00a0\u00bb1_3&Prime; _builder_version=\u00a0\u00bb3.25&Prime; custom_padding=\u00a0\u00bb|||\u00a0\u00bb custom_padding__hover=\u00a0\u00bb|||\u00a0\u00bb][et_pb_text _builder_version=\u00a0\u00bb3.19&Prime; animation_style=\u00a0\u00bbzoom\u00a0\u00bb animation_intensity_zoom=\u00a0\u00bb100%\u00a0\u00bb]\n<h2><img loading=\"lazy\" src=\"https:\/\/sopaty.com\/wp-content\/uploads\/2017\/03\/IMG_20171117_122045-225x300.jpg\" width=\"299\" height=\"399\" alt=\"\" class=\"wp-image-461 size-medium\" style=\"display: block; margin-left: auto; margin-right: auto;\" srcset=\"https:\/\/sopaty.com\/wp-content\/uploads\/2017\/03\/IMG_20171117_122045-225x300.jpg 225w, https:\/\/sopaty.com\/wp-content\/uploads\/2017\/03\/IMG_20171117_122045-768x1024.jpg 768w\" sizes=\"(max-width: 299px) 100vw, 299px\" \/>\u00a0<\/h2>\n<h2 style=\"text-align: center;\"><span>Chapelle de la Perseverance Pau Novembre 2017<\/span><\/h2>\n[\/et_pb_text][\/et_pb_column][et_pb_column type=\u00a0\u00bb1_3&Prime; _builder_version=\u00a0\u00bb3.25&Prime; custom_padding=\u00a0\u00bb|||\u00a0\u00bb custom_padding__hover=\u00a0\u00bb|||\u00a0\u00bb][et_pb_text _builder_version=\u00a0\u00bb3.19&Prime; animation_style=\u00a0\u00bbslide\u00a0\u00bb animation_direction=\u00a0\u00bbright\u00a0\u00bb animation_delay=\u00a0\u00bb300ms\u00a0\u00bb animation_intensity_slide=\u00a0\u00bb100%\u00a0\u00bb]\n<p>&nbsp;<\/p>\n<p>&nbsp;<\/p>\n<p><img loading=\"lazy\" src=\"https:\/\/sopaty.com\/wp-content\/uploads\/2017\/03\/IMG_20171120_171232-225x300.jpg\" width=\"225\" height=\"300\" alt=\"\" class=\"wp-image-465 size-medium\" style=\"display: block; margin-left: auto; margin-right: auto;\" srcset=\"https:\/\/sopaty.com\/wp-content\/uploads\/2017\/03\/IMG_20171120_171232-225x300.jpg 225w, https:\/\/sopaty.com\/wp-content\/uploads\/2017\/03\/IMG_20171120_171232-768x1024.jpg 768w\" sizes=\"(max-width: 225px) 100vw, 225px\" \/><\/p>\n[\/et_pb_text][\/et_pb_column][\/et_pb_row][et_pb_row custom_padding=\u00a0\u00bb52px|0px|60px|0px|false|false\u00a0\u00bb _builder_version=\u00a0\u00bb3.25&Prime; border_radii=\u00a0\u00bb|15px|15px|15px|15px\u00a0\u00bb][et_pb_column type=\u00a0\u00bb4_4&Prime; _builder_version=\u00a0\u00bb3.25&Prime; custom_padding=\u00a0\u00bb|||\u00a0\u00bb custom_padding__hover=\u00a0\u00bb|||\u00a0\u00bb][et_pb_text _builder_version=\u00a0\u00bb3.19&Prime; border_radii=\u00a0\u00bbon|15px|15px|15px|15px\u00a0\u00bb border_width_all=\u00a0\u00bb1px\u00a0\u00bb animation_style=\u00a0\u00bbzoom\u00a0\u00bb animation_starting_opacity=\u00a0\u00bb100%\u00a0\u00bb]\n<p style=\"text-align: center;\">\n<p style=\"text-align: center;\"><img loading=\"lazy\" src=\"https:\/\/sopaty.com\/wp-content\/uploads\/2017\/03\/IMG_20171108_124048-225x300.jpg\" width=\"225\" height=\"300\" alt=\"\" class=\"wp-image-460 size-medium\" srcset=\"https:\/\/sopaty.com\/wp-content\/uploads\/2017\/03\/IMG_20171108_124048-225x300.jpg 225w, https:\/\/sopaty.com\/wp-content\/uploads\/2017\/03\/IMG_20171108_124048-768x1024.jpg 768w\" sizes=\"(max-width: 225px) 100vw, 225px\" \/><\/p>\n<h2 style=\"text-align: center;\"><\/h2>\n<h2 style=\"text-align: center;\">Salon de la Photo Porte de Versailles Paris Septembre 2017<\/h2>\n[\/et_pb_text][\/et_pb_column][\/et_pb_row][et_pb_row custom_padding=\u00a0\u00bb1px|0px|60px|0px|false|false\u00a0\u00bb _builder_version=\u00a0\u00bb3.25&Prime;][et_pb_column type=\u00a0\u00bb4_4&Prime; _builder_version=\u00a0\u00bb3.25&Prime; custom_padding=\u00a0\u00bb|||\u00a0\u00bb custom_padding__hover=\u00a0\u00bb|||\u00a0\u00bb][et_pb_text _builder_version=\u00a0\u00bb3.19&Prime; border_radii=\u00a0\u00bb|15px|15px|15px|15px\u00a0\u00bb border_width_all=\u00a0\u00bb1px\u00a0\u00bb animation_style=\u00a0\u00bbfold\u00a0\u00bb animation_intensity_fold=\u00a0\u00bb100%\u00a0\u00bb]\n<p>&nbsp;<\/p>\n<h2><img loading=\"lazy\" src=\"https:\/\/sopaty.com\/wp-content\/uploads\/2017\/03\/quinzainetitlelo-1-300x78.jpeg\" width=\"300\" height=\"78\" alt=\"\" class=\"wp-image-454 aligncenter size-medium\" style=\"display: block; margin-left: auto; margin-right: auto;\" srcset=\"https:\/\/sopaty.com\/wp-content\/uploads\/2017\/03\/quinzainetitlelo-1-300x78.jpeg 300w, https:\/\/sopaty.com\/wp-content\/uploads\/2017\/03\/quinzainetitlelo-1.jpeg 578w\" sizes=\"(max-width: 300px) 100vw, 300px\" \/><\/h2>\n<h2 style=\"text-align: center;\"><\/h2>\n<h2 style=\"text-align: center;\">Quinzaine de l&rsquo;image 1-16 juillet 2017<\/h2>\n[\/et_pb_text][\/et_pb_column][\/et_pb_row][et_pb_row custom_padding=\u00a0\u00bb1px|0px|60px|0px|false|false\u00a0\u00bb _builder_version=\u00a0\u00bb3.25&Prime;][et_pb_column type=\u00a0\u00bb4_4&Prime; _builder_version=\u00a0\u00bb3.25&Prime; custom_padding=\u00a0\u00bb|||\u00a0\u00bb custom_padding__hover=\u00a0\u00bb|||\u00a0\u00bb][et_pb_text admin_label=\u00a0\u00bbsalies-de b\u00e9arn\u00a0\u00bb _builder_version=\u00a0\u00bb3.19&Prime; border_radii=\u00a0\u00bbon|15px|15px|15px|15px\u00a0\u00bb border_width_all=\u00a0\u00bb1px\u00a0\u00bb animation_style=\u00a0\u00bbflip\u00a0\u00bb animation_intensity_flip=\u00a0\u00bb100%\u00a0\u00bb]\n<p>&nbsp;<\/p>\n<p><img loading=\"lazy\" src=\"https:\/\/sopaty.com\/wp-content\/uploads\/2017\/03\/Flyer-Art-En-Vrac-2017-R-213x300.jpg\" width=\"326\" height=\"459\" alt=\"\" class=\"wp-image-456 aligncenter size-medium\" srcset=\"https:\/\/sopaty.com\/wp-content\/uploads\/2017\/03\/Flyer-Art-En-Vrac-2017-R-213x300.jpg 213w, https:\/\/sopaty.com\/wp-content\/uploads\/2017\/03\/Flyer-Art-En-Vrac-2017-R.jpg 620w\" sizes=\"(max-width: 326px) 100vw, 326px\" \/><\/p>\n<p style=\"text-align: center;\"><span style=\"color: #333333; font-size: 26px; text-align: center;\"><\/span><\/p>\n<p style=\"text-align: center;\"><span style=\"color: #333333; font-size: 26px; text-align: center;\">P\u00e2ques 2017, Salies de B\u00e9arn<\/span><\/p>\n[\/et_pb_text][\/et_pb_column][\/et_pb_row][et_pb_row custom_padding=\u00a0\u00bb25.25px|0px|60px|0px|false|false\u00a0\u00bb _builder_version=\u00a0\u00bb3.25&Prime;][et_pb_column type=\u00a0\u00bb4_4&Prime; _builder_version=\u00a0\u00bb3.25&Prime; custom_padding=\u00a0\u00bb|||\u00a0\u00bb custom_padding__hover=\u00a0\u00bb|||\u00a0\u00bb][et_pb_text admin_label=\u00a0\u00bb4 &#038; 5 f\u00e9vrier 2017 Galerie Pietro Nay 64&Prime; _builder_version=\u00a0\u00bb3.19&Prime; border_radii=\u00a0\u00bb|15px|15px|15px|15px\u00a0\u00bb border_width_all=\u00a0\u00bb1px\u00a0\u00bb animation_style=\u00a0\u00bbfold\u00a0\u00bb animation_intensity_fold=\u00a0\u00bb100%\u00a0\u00bb]\n<p>&nbsp;<\/p>\n<p><img loading=\"lazy\" src=\"https:\/\/sopaty.com\/wp-content\/uploads\/2017\/03\/1FLAYER-PAT-181x300.jpg\" width=\"360\" height=\"596\" alt=\"\" class=\"wp-image-413 aligncenter size-medium\" srcset=\"https:\/\/sopaty.com\/wp-content\/uploads\/2017\/03\/1FLAYER-PAT-181x300.jpg 181w, https:\/\/sopaty.com\/wp-content\/uploads\/2017\/03\/1FLAYER-PAT-768x1271.jpg 768w, https:\/\/sopaty.com\/wp-content\/uploads\/2017\/03\/1FLAYER-PAT-619x1024.jpg 619w, https:\/\/sopaty.com\/wp-content\/uploads\/2017\/03\/1FLAYER-PAT.jpg 1030w\" sizes=\"(max-width: 360px) 100vw, 360px\" \/><\/p>\n<h2 style=\"text-align: center;\"><\/h2>\n<h2 style=\"text-align: center;\">4 &amp; 5 f\u00e9vrier 2017 Galerie Pietro Nay 64<\/h2>\n[\/et_pb_text][\/et_pb_column][\/et_pb_row][et_pb_row custom_padding=\u00a0\u00bb25.25px|0px|60px|0px|false|false\u00a0\u00bb _builder_version=\u00a0\u00bb3.25&Prime;][et_pb_column type=\u00a0\u00bb4_4&Prime; _builder_version=\u00a0\u00bb3.25&Prime; custom_padding=\u00a0\u00bb|||\u00a0\u00bb custom_padding__hover=\u00a0\u00bb|||\u00a0\u00bb][et_pb_text admin_label=\u00a0\u00bbd\u00e9cembre 2016 Galerie Joffre 64 PAU\u00a0\u00bb _builder_version=\u00a0\u00bb3.19&Prime; border_radii=\u00a0\u00bb|15px|15px|15px|15px\u00a0\u00bb border_width_all=\u00a0\u00bb2px\u00a0\u00bb animation_style=\u00a0\u00bbzoom\u00a0\u00bb animation_starting_opacity=\u00a0\u00bb100%\u00a0\u00bb]\n<h2 style=\"text-align: center;\"><\/h2>\n<h2 style=\"text-align: center;\"><img loading=\"lazy\" src=\"https:\/\/sopaty.com\/wp-content\/uploads\/2017\/03\/thumbnail_IMG_20161211_164424_resized_20170306_071112242-300x225.jpg\" width=\"444\" height=\"333\" alt=\"\" class=\"wp-image-423 aligncenter size-medium\" srcset=\"https:\/\/sopaty.com\/wp-content\/uploads\/2017\/03\/thumbnail_IMG_20161211_164424_resized_20170306_071112242-300x225.jpg 300w, https:\/\/sopaty.com\/wp-content\/uploads\/2017\/03\/thumbnail_IMG_20161211_164424_resized_20170306_071112242.jpg 333w\" sizes=\"(max-width: 444px) 100vw, 444px\" \/><\/h2>\n<h2 style=\"text-align: center;\"><\/h2>\n<h2 style=\"text-align: center;\">D\u00e9cembre 2016 Galerie Joffre 64 PAU<\/h2>\n[\/et_pb_text][\/et_pb_column][\/et_pb_row][et_pb_row _builder_version=\u00a0\u00bb3.25&Prime;][et_pb_column type=\u00a0\u00bb4_4&Prime; _builder_version=\u00a0\u00bb3.25&Prime; custom_padding=\u00a0\u00bb|||\u00a0\u00bb custom_padding__hover=\u00a0\u00bb|||\u00a0\u00bb][et_pb_text admin_label=\u00a0\u00bboctobre 2016 GALERIE L ARTELIER 10 rue Carnot 65000   TARBES\u00a0\u00bb _builder_version=\u00a0\u00bb3.19&Prime; border_radii=\u00a0\u00bb|16px|16px|16px|16px\u00a0\u00bb border_width_all=\u00a0\u00bb1px\u00a0\u00bb animation_style=\u00a0\u00bbslide\u00a0\u00bb animation_intensity_slide=\u00a0\u00bb100%\u00a0\u00bb animation_starting_opacity=\u00a0\u00bb100%\u00a0\u00bb]\n<h2 style=\"text-align: center;\"><\/h2>\n<h2 style=\"text-align: center;\"><img loading=\"lazy\" src=\"https:\/\/sopaty.com\/wp-content\/uploads\/2017\/03\/latelier-300x199.png\" width=\"461\" height=\"306\" alt=\"\" class=\"wp-image-45 aligncenter size-medium\" srcset=\"https:\/\/sopaty.com\/wp-content\/uploads\/2017\/03\/latelier-300x199.png 300w, https:\/\/sopaty.com\/wp-content\/uploads\/2017\/03\/latelier-768x509.png 768w, https:\/\/sopaty.com\/wp-content\/uploads\/2017\/03\/latelier.png 932w\" sizes=\"(max-width: 461px) 100vw, 461px\" \/><\/h2>\n<h2 style=\"text-align: center;\"><\/h2>\n<h2 style=\"text-align: center;\">Octobre 2016 GALERIE L<span>\u00a0ARTELIER 10 rue Carnot 65000\u00a0 \u00a0TARBES<\/span><\/h2>\n[\/et_pb_text][\/et_pb_column][\/et_pb_row][et_pb_row _builder_version=\u00a0\u00bb3.25&Prime; background_size=\u00a0\u00bbinitial\u00a0\u00bb background_position=\u00a0\u00bbtop_left\u00a0\u00bb background_repeat=\u00a0\u00bbrepeat\u00a0\u00bb][et_pb_column type=\u00a0\u00bb4_4&Prime; _builder_version=\u00a0\u00bb3.25&Prime; custom_padding=\u00a0\u00bb|||\u00a0\u00bb custom_padding__hover=\u00a0\u00bb|||\u00a0\u00bb][et_pb_text _builder_version=\u00a0\u00bb3.19&Prime;][\/et_pb_text][et_pb_text _builder_version=\u00a0\u00bb3.19&Prime;][\/et_pb_text][\/et_pb_column][\/et_pb_row][\/et_pb_section]\n","protected":false},"excerpt":{"rendered":"<p>&nbsp; \u00ab ON THE WALL AGAIN \u00bb Moliets et Ma\u00e2 5 &#8211; 17 Juillet 2019 &nbsp; \u00ab MURS MURS \u00bb Bordeaux 20-30 d\u00e9cembre&nbsp; P\u00e2ques 2018, Salies de B\u00e9arn &nbsp;&nbsp; &nbsp; Galerie Les voiles du temps Pau D\u00e9cembre 2017&nbsp; &nbsp; \u00a0 Chapelle de la Perseverance Pau Novembre 2017&nbsp; &nbsp; Salon de la Photo Porte de Versailles [&hellip;]<\/p>\n","protected":false},"author":1,"featured_media":0,"parent":0,"menu_order":0,"comment_status":"closed","ping_status":"closed","template":"","meta":{"_et_pb_use_builder":"on","_et_pb_old_content":"<p><img class=\"aligncenter wp-image-569\" src=\"http:\/\/sopaty.com\/wp-content\/uploads\/2018\/12\/thumbnail_Affiche-A3-expo-SOPATY-217x300.jpg\" alt=\"\" width=\"493\" height=\"682\" \/><\/p><p style=\"text-align: center;\">P\u00e2ques 2018, Salies de B\u00e9arn<\/p><p style=\"text-align: center;\"><img class=\"size-medium wp-image-553 aligncenter\" src=\"http:\/\/sopaty.com\/wp-content\/uploads\/2018\/03\/Art-en-vrac-2018-A3-212x300.jpg\" alt=\"Salies de B\u00e9arn 2018\" width=\"212\" height=\"300\" \/><img class=\"size-medium wp-image-537\" src=\"http:\/\/sopaty.com\/wp-content\/uploads\/2018\/02\/Voiles-du-temps.tiff\" alt=\"\" width=\"1\" height=\"1\" \/>Galerie Les voiles du temps Pau D\u00e9cembre 2017<\/p><table style=\"height: 255px;\" width=\"1068\"><tbody><tr><td width=\"205\"><img class=\"size-medium wp-image-462 alignright\" src=\"http:\/\/sopaty.com\/wp-content\/uploads\/2017\/03\/IMG_20171208_124113-300x225.jpg\" alt=\"\" width=\"300\" height=\"225\" \/><\/td><td width=\"205\">\u00a0<img class=\"aligncenter size-medium wp-image-549\" src=\"http:\/\/sopaty.com\/wp-content\/uploads\/2018\/02\/Voiles-du-temps-199x300.png\" alt=\"\" width=\"199\" height=\"300\" \/><\/td><td width=\"205\"><img class=\"wp-image-464 alignleft\" src=\"http:\/\/sopaty.com\/wp-content\/uploads\/2017\/03\/IMG_20171210_123708-300x225.jpg\" alt=\"\" width=\"307\" height=\"230\" \/><\/td><\/tr><\/tbody><\/table><p style=\"text-align: center;\">Chapelle de la Perseverance Pau Novembre 2017<\/p><table style=\"height: 278px;\" width=\"1075\"><tbody><tr><td width=\"205\"><img class=\"size-medium wp-image-461 alignright\" src=\"http:\/\/sopaty.com\/wp-content\/uploads\/2017\/03\/IMG_20171117_122045-225x300.jpg\" alt=\"\" width=\"225\" height=\"300\" \/><\/td><td style=\"text-align: center;\" width=\"205\"><img class=\"size-medium wp-image-463 aligncenter\" src=\"http:\/\/sopaty.com\/wp-content\/uploads\/2017\/03\/IMG_20171126_001036-300x225.jpg\" alt=\"\" width=\"300\" height=\"225\" \/><\/td><td style=\"text-align: center;\" width=\"205\"><img class=\"size-medium wp-image-465 alignleft\" src=\"http:\/\/sopaty.com\/wp-content\/uploads\/2017\/03\/IMG_20171120_171232-225x300.jpg\" alt=\"\" width=\"225\" height=\"300\" \/><\/td><\/tr><\/tbody><\/table><p style=\"text-align: center;\">Salon de la Photo Porte de Versailles Paris Septembre 2017<\/p><p><img class=\"size-medium wp-image-460 aligncenter\" src=\"http:\/\/sopaty.com\/wp-content\/uploads\/2017\/03\/IMG_20171108_124048-225x300.jpg\" alt=\"\" width=\"225\" height=\"300\" \/><\/p><p><img class=\" wp-image-454 aligncenter\" src=\"http:\/\/sopaty.com\/wp-content\/uploads\/2017\/03\/quinzainetitlelo-1-300x78.jpeg\" alt=\"\" width=\"492\" height=\"128\" \/><\/p><p><img class=\"size-medium wp-image-456 aligncenter\" src=\"http:\/\/sopaty.com\/wp-content\/uploads\/2017\/03\/Flyer-Art-En-Vrac-2017-R-213x300.jpg\" alt=\"\" width=\"213\" height=\"300\" \/><\/p><p style=\"text-align: center;\">4 & 5 f\u00e9vrier 2017 Galerie Pietro Nay 64<\/p><table style=\"height: 295px;\" width=\"968\"><tbody><tr><td><img class=\"wp-image-422 alignright\" src=\"http:\/\/sopaty.com\/wp-content\/uploads\/2017\/03\/thumbnail_IMG_20170203_175916_resized_20170306_070956842-300x225.jpg\" alt=\"\" width=\"392\" height=\"295\" \/><\/td><td><img class=\"size-medium wp-image-413 alignleft\" src=\"http:\/\/sopaty.com\/wp-content\/uploads\/2017\/03\/1FLAYER-PAT-181x300.jpg\" alt=\"\" width=\"181\" height=\"300\" \/><\/td><\/tr><\/tbody><\/table><p style=\"text-align: center;\">d\u00e9cembre 2016 Galerie Joffre 64 PAU<\/p><p><img class=\"size-medium wp-image-423 aligncenter\" src=\"http:\/\/sopaty.com\/wp-content\/uploads\/2017\/03\/thumbnail_IMG_20161211_164424_resized_20170306_071112242-300x225.jpg\" alt=\"\" width=\"300\" height=\"225\" \/><\/p><p style=\"text-align: center;\">octobre 2016 GALERIE L<span style=\"text-align: center;\">\u00a0ARTELIER 10 rue Carnot 65000\u00a0 \u00a0TARBES<\/span><\/p><p><img class=\"wp-image-45 aligncenter\" src=\"http:\/\/sopaty.com\/wp-content\/uploads\/2017\/03\/latelier-300x199.png\" alt=\"\" width=\"240\" height=\"159\" \/><\/p>","_et_gb_content_width":""},"_links":{"self":[{"href":"https:\/\/sopaty.com\/index.php\/wp-json\/wp\/v2\/pages\/17"}],"collection":[{"href":"https:\/\/sopaty.com\/index.php\/wp-json\/wp\/v2\/pages"}],"about":[{"href":"https:\/\/sopaty.com\/index.php\/wp-json\/wp\/v2\/types\/page"}],"author":[{"embeddable":true,"href":"https:\/\/sopaty.com\/index.php\/wp-json\/wp\/v2\/users\/1"}],"replies":[{"embeddable":true,"href":"https:\/\/sopaty.com\/index.php\/wp-json\/wp\/v2\/comments?post=17"}],"version-history":[{"count":94,"href":"https:\/\/sopaty.com\/index.php\/wp-json\/wp\/v2\/pages\/17\/revisions"}],"predecessor-version":[{"id":1100,"href":"https:\/\/sopaty.com\/index.php\/wp-json\/wp\/v2\/pages\/17\/revisions\/1100"}],"wp:attachment":[{"href":"https:\/\/sopaty.com\/index.php\/wp-json\/wp\/v2\/media?parent=17"}],"curies":[{"name":"wp","href":"https:\/\/api.w.org\/{rel}","templated":true}]}}